{"id":3733,"date":"2024-10-20T20:47:35","date_gmt":"2024-10-20T18:47:35","guid":{"rendered":"https:\/\/wojownicymaryi.pl\/?page_id=3733"},"modified":"2024-10-20T20:47:37","modified_gmt":"2024-10-20T18:47:37","slug":"contact","status":"publish","type":"page","link":"https:\/\/wojownicymaryi.pl\/en\/contact\/","title":{"rendered":"CONTACT"},"content":{"rendered":"<div class=\"wp-block-stackable-columns alignfull stk-block-columns stk-block stk-bda7e4b stk-block-background stk--has-background-overlay\" data-block-id=\"bda7e4b\"><style>.stk-bda7e4b {background-image:url(https:\/\/wojownicymaryi.pl\/wp-content\/uploads\/2024\/09\/tlo_glowne_biale_boczne.webp) !important;background-attachment:fixed !important;background-position:center center !important;margin-bottom:0px !important;}<\/style><div class=\"stk-row stk-inner-blocks stk-block-content stk-content-align stk-bda7e4b-column alignfull\">\n<div class=\"wp-block-stackable-column stk-block-column stk-column stk-block stk-73d6710\" data-v=\"4\" data-block-id=\"73d6710\"><div class=\"stk-column-wrapper stk-block-column__content stk-container stk-73d6710-container stk--no-background stk--no-padding\"><div class=\"stk-block-content stk-inner-blocks stk-73d6710-inner-blocks\">\n<div class=\"wp-block-stackable-heading stk-block-heading stk-block-heading--v2 stk-block stk-01e4a0f\" id=\"contact\" data-block-id=\"01e4a0f\"><style>.stk-01e4a0f .stk-block-heading__text{font-size:90px !important;}@media screen and (max-width:999px){.stk-01e4a0f .stk-block-heading__text{font-size:50px !important;}}@media screen and (max-width:689px){.stk-01e4a0f {margin-top:50px !important;}}<\/style><h2 class=\"stk-block-heading__text has-text-align-center\">CONTACT<\/h2><\/div>\n\n\n\n<div class=\"wp-block-stackable-heading stk-block-heading stk-block-heading--v2 stk-block stk-55c1b09\" id=\"a-href-mailto-wojownicymaryi-info-gmail-com-span-style-color-var-theme-palette-color-4-000000-class-stk-highlight-wojownicymaryi-info-gmail-com-span-a\" data-block-id=\"55c1b09\"><style>.stk-55c1b09 {margin-bottom:50px !important;}.stk-55c1b09 .stk-block-heading__text{color:var(--theme-palette-color-2, #ceb58c) !important;}.stk-55c1b09 .stk-block-heading__text:hover{color:var(--theme-palette-color-2, #ceb58c) !important;}@media screen and (max-width:689px){.stk-55c1b09 .stk-block-heading__text{font-size:20px !important;}}<\/style><h4 class=\"stk-block-heading__text has-text-color has-text-align-center\"><a href=\"mailto:wojownicymaryi.info@gmail.com\"><span style=\"color: var(--theme-palette-color-4, #000000);\" class=\"stk-highlight\">wojownicymaryi.info@gmail.com<\/span><\/a><\/h4><\/div>\n\n\n\n<div class=\"wp-block-stackable-button-group stk-block-button-group stk-block stk-907c6fa\" data-block-id=\"907c6fa\"><style>.stk-907c6fa .stk-button-group{flex-direction:row !important;}.stk-907c6fa {margin-bottom:50px !important;}@media screen and (max-width:999px){.stk-907c6fa .stk-button-group{flex-direction:row !important;}}@media screen and (max-width:689px){.stk-907c6fa .stk-button-group{flex-direction:row !important;}}<\/style><div class=\"stk-row stk-inner-blocks has-text-align-center stk-block-content stk-button-group\">\n<div class=\"wp-block-stackable-icon-button stk-block-icon-button stk-block stk-a7945ca\" data-block-id=\"a7945ca\"><style>.stk-a7945ca .stk-button{background:#3b5998 !important;}<\/style><a class=\"stk-link stk-button stk--hover-effect-lift\" href=\"https:\/\/www.facebook.com\/WMaryi\" target=\"_blank\" rel=\"noreferrer noopener\"><span class=\"stk--svg-wrapper\"><div class=\"stk--inner-svg\"><svg data-prefix=\"fab\" data-icon=\"facebook-square\" class=\"svg-inline--fa fa-facebook-square fa-w-14\" xmlns=\"http:\/\/www.w3.org\/2000\/svg\" viewbox=\"0 0 448 512\" aria-hidden=\"true\" width=\"32\" height=\"32\"><path fill=\"currentColor\" d=\"M400 32H48A48 48 0 0 0 0 80v352a48 48 0 0 0 48 48h137.25V327.69h-63V256h63v-54.64c0-62.15 37-96.48 93.67-96.48 27.14 0 55.52 4.84 55.52 4.84v61h-31.27c-30.81 0-40.42 19.12-40.42 38.73V256h68.78l-11 71.69h-57.78V480H400a48 48 0 0 0 48-48V80a48 48 0 0 0-48-48z\"><\/path><\/svg><\/div><\/span><\/a><\/div>\n\n\n\n<div class=\"wp-block-stackable-icon-button stk-block-icon-button stk-block stk-390a855\" data-block-id=\"390a855\"><style>.stk-390a855 .stk-button{background:#c4302b !important;}<\/style><a class=\"stk-link stk-button stk--hover-effect-lift\" href=\"https:\/\/www.youtube.com\/@WojownicyMaryi\" target=\"_blank\" rel=\"noreferrer noopener\"><span class=\"stk--svg-wrapper\"><div class=\"stk--inner-svg\"><svg data-prefix=\"fab\" data-icon=\"youtube\" class=\"svg-inline--fa fa-youtube fa-w-18\" xmlns=\"http:\/\/www.w3.org\/2000\/svg\" viewbox=\"0 0 576 512\" aria-hidden=\"true\" width=\"32\" height=\"32\"><path fill=\"currentColor\" d=\"M549.655 124.083c-6.281-23.65-24.787-42.276-48.284-48.597C458.781 64 288 64 288 64S117.22 64 74.629 75.486c-23.497 6.322-42.003 24.947-48.284 48.597-11.412 42.867-11.412 132.305-11.412 132.305s0 89.438 11.412 132.305c6.281 23.65 24.787 41.5 48.284 47.821C117.22 448 288 448 288 448s170.78 0 213.371-11.486c23.497-6.321 42.003-24.171 48.284-47.821 11.412-42.867 11.412-132.305 11.412-132.305s0-89.438-11.412-132.305zm-317.51 213.508V175.185l142.739 81.205-142.739 81.201z\"><\/path><\/svg><\/div><\/span><\/a><\/div>\n<\/div><\/div>\n\n\n\n<div class=\"wp-block-stackable-text stk-block-text stk-block stk-036d527\" data-block-id=\"036d527\"><style>.stk-036d527 {max-width:1000px !important;min-width:auto !important;margin-right:auto !important;margin-bottom:40px !important;margin-left:auto !important;}<\/style><p class=\"stk-block-text__text has-text-align-center\">The ecclesiastical legal entity directly overseeing the proper functioning of the Warriors of Mary community is the Salesian Society, St. Adalbert Inspectorate in Pila, 1 St. John Bosco Street, 64-920 Pila.<br><br>The main center is located in L\u0105d nad Warta,<br>at the Center for Spirituality and Culture,<br>L\u0105d nad Wart\u0105 101,<br>62-406 L\u0105dek<\/p><\/div>\n\n\n\n<div class=\"wp-block-stackable-text stk-block-text stk-block stk-3235a06\" data-block-id=\"3235a06\"><style>.stk-3235a06 {max-width:1000px !important;min-width:auto !important;margin-right:auto !important;margin-bottom:14px !important;margin-left:auto !important;}<\/style><p class=\"stk-block-text__text has-text-align-center\"><strong>Moderator of the Warriors of Mary Movement: :<\/strong> Ks. Pawe\u0142 \u017burawi\u0144ski<\/p><\/div>\n\n\n\n<div class=\"wp-block-stackable-text stk-block-text stk-block stk-657d0a4\" data-block-id=\"657d0a4\"><style>.stk-657d0a4 {max-width:1000px !important;min-width:auto !important;margin-right:auto !important;margin-bottom:14px !important;margin-left:auto !important;}<\/style><p class=\"stk-block-text__text has-text-align-center\"><strong>National Coordinator: <\/strong>Kamil Kowalczyk Zambr\u00f3w<\/p><\/div>\n\n\n\n<div class=\"wp-block-stackable-text stk-block-text stk-block stk-315d059\" data-block-id=\"315d059\"><style>.stk-315d059 {max-width:1000px !important;min-width:auto !important;margin-right:auto !important;margin-bottom:40px !important;margin-left:auto !important;}<\/style><p class=\"stk-block-text__text has-text-align-center\"><strong>Council of Coordinators:<br><\/strong>Mariusz Starosta Pozna\u0144<br>S\u0142awek Wi\u015bniewski P\u0142o\u0144sk<br>Micha\u0142 Makurat Rumia<br>Alek Beta \u0141\u00f3d\u017a<br>Piotr Grobelny Wroc\u0142aw<br>Radek Bie\u0144 Lubrza<br>Jarek Cie\u015blak \u0141uk\u00f3w<br>Mariusz W\u00f3jcik Warszawa<\/p><\/div>\n\n\n\n<div class=\"wp-block-stackable-heading stk-block-heading stk-block-heading--v2 stk-block stk-be8a6e7\" id=\"span-style-color-var-theme-palette-color-4-000000-class-stk-highlight-strong-website-maintenance-bugs-errors-strong-span-a-href-mailto-admin-wojownicymaryi-pl-span-style-color-var-theme-palette-color-4-000000-class-stk-highlight-admin-wojownicymaryi-pl-span-a\" data-block-id=\"be8a6e7\"><style>.stk-be8a6e7 {margin-bottom:50px !important;}.stk-be8a6e7 .stk-block-heading__text{color:var(--theme-palette-color-4, #000000) !important;}<\/style><h6 class=\"stk-block-heading__text has-text-color has-text-align-center\"> <span style=\"color: var(--theme-palette-color-4, #000000);\" class=\"stk-highlight\"><strong>Website maintenance (bugs\/errors):<\/strong><\/span> <a href=\"mailto:admin@wojownicymaryi.pl\"><span style=\"color: var(--theme-palette-color-4, #000000);\" class=\"stk-highlight\">admin@wojownicymaryi.pl<\/span><\/a><\/h6><\/div>\n<\/div><\/div><\/div>\n<\/div><\/div>\n\n\n\n<p><\/p>","protected":false},"excerpt":{"rendered":"<p>CONTACT wojownicymaryi.info@gmail.com The ecclesiastical legal entity directly overseeing the proper functioning of the Warriors of Mary community is the Salesian Society, St. Adalbert Inspectorate in Pila, 1 St. John Bosco Street, 64-920 Pila. The main center is located in L\u0105d nad Warta,at the Center for Spirituality and Culture,L\u0105d nad Wart\u0105 101,62-406 L\u0105dek Moderator of the [&hellip;]<\/p>\n","protected":false},"author":7,"featured_media":0,"parent":0,"menu_order":0,"comment_status":"closed","ping_status":"closed","template":"","meta":{"_acf_changed":false,"_gspb_post_css":"","footnotes":""},"class_list":["post-3733","page","type-page","status-publish","hentry"],"blocksy_meta":[],"acf":[],"yoast_head":"<!-- This site is optimized with the Yoast SEO plugin v27.4 - https:\/\/yoast.com\/product\/yoast-seo-wordpress\/ -->\n<title>CONTACT - Wojownicy Maryi<\/title>\n<meta name=\"robots\" content=\"index, follow, max-snippet:-1, max-image-preview:large, max-video-preview:-1\" \/>\n<link rel=\"canonical\" href=\"https:\/\/wojownicymaryi.pl\/en\/contact\/\" \/>\n<meta property=\"og:locale\" content=\"en_GB\" \/>\n<meta property=\"og:type\" content=\"article\" \/>\n<meta property=\"og:title\" content=\"CONTACT - Wojownicy Maryi\" \/>\n<meta property=\"og:description\" content=\"CONTACT wojownicymaryi.info@gmail.com The ecclesiastical legal entity directly overseeing the proper functioning of the Warriors of Mary community is the Salesian Society, St. Adalbert Inspectorate in Pila, 1 St. John Bosco Street, 64-920 Pila. The main center is located in L\u0105d nad Warta,at the Center for Spirituality and Culture,L\u0105d nad Wart\u0105 101,62-406 L\u0105dek Moderator of the [&hellip;]\" \/>\n<meta property=\"og:url\" content=\"https:\/\/wojownicymaryi.pl\/en\/contact\/\" \/>\n<meta property=\"og:site_name\" content=\"Wojownicy Maryi\" \/>\n<meta property=\"article:publisher\" content=\"https:\/\/www.facebook.com\/WMaryi\/?locale=pl_PL\" \/>\n<meta property=\"article:modified_time\" content=\"2024-10-20T18:47:37+00:00\" \/>\n<meta name=\"twitter:card\" content=\"summary_large_image\" \/>\n<meta name=\"twitter:label1\" content=\"Estimated reading time\" \/>\n\t<meta name=\"twitter:data1\" content=\"1 minute\" \/>\n<script type=\"application\/ld+json\" class=\"yoast-schema-graph\">{\"@context\":\"https:\\\/\\\/schema.org\",\"@graph\":[{\"@type\":\"WebPage\",\"@id\":\"https:\\\/\\\/wojownicymaryi.pl\\\/en\\\/contact\\\/\",\"url\":\"https:\\\/\\\/wojownicymaryi.pl\\\/en\\\/contact\\\/\",\"name\":\"CONTACT - Wojownicy Maryi\",\"isPartOf\":{\"@id\":\"https:\\\/\\\/wojownicymaryi.pl\\\/en\\\/#website\"},\"datePublished\":\"2024-10-20T18:47:35+00:00\",\"dateModified\":\"2024-10-20T18:47:37+00:00\",\"breadcrumb\":{\"@id\":\"https:\\\/\\\/wojownicymaryi.pl\\\/en\\\/contact\\\/#breadcrumb\"},\"inLanguage\":\"en-GB\",\"potentialAction\":[{\"@type\":\"ReadAction\",\"target\":[\"https:\\\/\\\/wojownicymaryi.pl\\\/en\\\/contact\\\/\"]}]},{\"@type\":\"BreadcrumbList\",\"@id\":\"https:\\\/\\\/wojownicymaryi.pl\\\/en\\\/contact\\\/#breadcrumb\",\"itemListElement\":[{\"@type\":\"ListItem\",\"position\":1,\"name\":\"Pocz\u0105tek\",\"item\":\"https:\\\/\\\/wojownicymaryi.pl\\\/en\\\/home-page\\\/\"},{\"@type\":\"ListItem\",\"position\":2,\"name\":\"CONTACT\"}]},{\"@type\":\"WebSite\",\"@id\":\"https:\\\/\\\/wojownicymaryi.pl\\\/en\\\/#website\",\"url\":\"https:\\\/\\\/wojownicymaryi.pl\\\/en\\\/\",\"name\":\"Wojownicy Maryi\",\"description\":\"walczymy na kolanach o \u017cycie wieczne...\",\"publisher\":{\"@id\":\"https:\\\/\\\/wojownicymaryi.pl\\\/en\\\/#organization\"},\"potentialAction\":[{\"@type\":\"SearchAction\",\"target\":{\"@type\":\"EntryPoint\",\"urlTemplate\":\"https:\\\/\\\/wojownicymaryi.pl\\\/en\\\/?s={search_term_string}\"},\"query-input\":{\"@type\":\"PropertyValueSpecification\",\"valueRequired\":true,\"valueName\":\"search_term_string\"}}],\"inLanguage\":\"en-GB\"},{\"@type\":\"Organization\",\"@id\":\"https:\\\/\\\/wojownicymaryi.pl\\\/en\\\/#organization\",\"name\":\"Wojownicy Maryi\",\"url\":\"https:\\\/\\\/wojownicymaryi.pl\\\/en\\\/\",\"logo\":{\"@type\":\"ImageObject\",\"inLanguage\":\"en-GB\",\"@id\":\"https:\\\/\\\/wojownicymaryi.pl\\\/en\\\/#\\\/schema\\\/logo\\\/image\\\/\",\"url\":\"https:\\\/\\\/wojownicymaryi.pl\\\/wp-content\\\/uploads\\\/2024\\\/08\\\/logo-wojownicy-maryi.png\",\"contentUrl\":\"https:\\\/\\\/wojownicymaryi.pl\\\/wp-content\\\/uploads\\\/2024\\\/08\\\/logo-wojownicy-maryi.png\",\"width\":1024,\"height\":1024,\"caption\":\"Wojownicy Maryi\"},\"image\":{\"@id\":\"https:\\\/\\\/wojownicymaryi.pl\\\/en\\\/#\\\/schema\\\/logo\\\/image\\\/\"},\"sameAs\":[\"https:\\\/\\\/www.facebook.com\\\/WMaryi\\\/?locale=pl_PL\"]}]}<\/script>\n<!-- \/ Yoast SEO plugin. -->","yoast_head_json":{"title":"CONTACT - Wojownicy Maryi","robots":{"index":"index","follow":"follow","max-snippet":"max-snippet:-1","max-image-preview":"max-image-preview:large","max-video-preview":"max-video-preview:-1"},"canonical":"https:\/\/wojownicymaryi.pl\/en\/contact\/","og_locale":"en_GB","og_type":"article","og_title":"CONTACT - Wojownicy Maryi","og_description":"CONTACT wojownicymaryi.info@gmail.com The ecclesiastical legal entity directly overseeing the proper functioning of the Warriors of Mary community is the Salesian Society, St. Adalbert Inspectorate in Pila, 1 St. John Bosco Street, 64-920 Pila. The main center is located in L\u0105d nad Warta,at the Center for Spirituality and Culture,L\u0105d nad Wart\u0105 101,62-406 L\u0105dek Moderator of the [&hellip;]","og_url":"https:\/\/wojownicymaryi.pl\/en\/contact\/","og_site_name":"Wojownicy Maryi","article_publisher":"https:\/\/www.facebook.com\/WMaryi\/?locale=pl_PL","article_modified_time":"2024-10-20T18:47:37+00:00","twitter_card":"summary_large_image","twitter_misc":{"Estimated reading time":"1 minute"},"schema":{"@context":"https:\/\/schema.org","@graph":[{"@type":"WebPage","@id":"https:\/\/wojownicymaryi.pl\/en\/contact\/","url":"https:\/\/wojownicymaryi.pl\/en\/contact\/","name":"CONTACT - Wojownicy Maryi","isPartOf":{"@id":"https:\/\/wojownicymaryi.pl\/en\/#website"},"datePublished":"2024-10-20T18:47:35+00:00","dateModified":"2024-10-20T18:47:37+00:00","breadcrumb":{"@id":"https:\/\/wojownicymaryi.pl\/en\/contact\/#breadcrumb"},"inLanguage":"en-GB","potentialAction":[{"@type":"ReadAction","target":["https:\/\/wojownicymaryi.pl\/en\/contact\/"]}]},{"@type":"BreadcrumbList","@id":"https:\/\/wojownicymaryi.pl\/en\/contact\/#breadcrumb","itemListElement":[{"@type":"ListItem","position":1,"name":"Pocz\u0105tek","item":"https:\/\/wojownicymaryi.pl\/en\/home-page\/"},{"@type":"ListItem","position":2,"name":"CONTACT"}]},{"@type":"WebSite","@id":"https:\/\/wojownicymaryi.pl\/en\/#website","url":"https:\/\/wojownicymaryi.pl\/en\/","name":"Wojownicy Maryi","description":"walczymy na kolanach o \u017cycie wieczne...","publisher":{"@id":"https:\/\/wojownicymaryi.pl\/en\/#organization"},"potentialAction":[{"@type":"SearchAction","target":{"@type":"EntryPoint","urlTemplate":"https:\/\/wojownicymaryi.pl\/en\/?s={search_term_string}"},"query-input":{"@type":"PropertyValueSpecification","valueRequired":true,"valueName":"search_term_string"}}],"inLanguage":"en-GB"},{"@type":"Organization","@id":"https:\/\/wojownicymaryi.pl\/en\/#organization","name":"Wojownicy Maryi","url":"https:\/\/wojownicymaryi.pl\/en\/","logo":{"@type":"ImageObject","inLanguage":"en-GB","@id":"https:\/\/wojownicymaryi.pl\/en\/#\/schema\/logo\/image\/","url":"https:\/\/wojownicymaryi.pl\/wp-content\/uploads\/2024\/08\/logo-wojownicy-maryi.png","contentUrl":"https:\/\/wojownicymaryi.pl\/wp-content\/uploads\/2024\/08\/logo-wojownicy-maryi.png","width":1024,"height":1024,"caption":"Wojownicy Maryi"},"image":{"@id":"https:\/\/wojownicymaryi.pl\/en\/#\/schema\/logo\/image\/"},"sameAs":["https:\/\/www.facebook.com\/WMaryi\/?locale=pl_PL"]}]}},"_links":{"self":[{"href":"https:\/\/wojownicymaryi.pl\/en\/wp-json\/wp\/v2\/pages\/3733","targetHints":{"allow":["GET"]}}],"collection":[{"href":"https:\/\/wojownicymaryi.pl\/en\/wp-json\/wp\/v2\/pages"}],"about":[{"href":"https:\/\/wojownicymaryi.pl\/en\/wp-json\/wp\/v2\/types\/page"}],"author":[{"embeddable":true,"href":"https:\/\/wojownicymaryi.pl\/en\/wp-json\/wp\/v2\/users\/7"}],"replies":[{"embeddable":true,"href":"https:\/\/wojownicymaryi.pl\/en\/wp-json\/wp\/v2\/comments?post=3733"}],"version-history":[{"count":0,"href":"https:\/\/wojownicymaryi.pl\/en\/wp-json\/wp\/v2\/pages\/3733\/revisions"}],"wp:attachment":[{"href":"https:\/\/wojownicymaryi.pl\/en\/wp-json\/wp\/v2\/media?parent=3733"}],"curies":[{"name":"wp","href":"https:\/\/api.w.org\/{rel}","templated":true}]}}